{"id":1220,"date":"2024-02-22T14:27:42","date_gmt":"2024-02-22T18:27:42","guid":{"rendered":"https:\/\/sidal.cl\/?page_id=1220"},"modified":"2026-01-26T14:49:43","modified_gmt":"2026-01-26T18:49:43","slug":"politica-de-calidad","status":"publish","type":"page","link":"https:\/\/sidal.cl\/en\/politica-de-calidad\/","title":{"rendered":"Quality politics"},"content":{"rendered":"<p>[et_pb_section fb_built=\u00bb1&#8243; _builder_version=\u00bb4.20.2&#8243; _module_preset=\u00bbdefault\u00bb background_color=\u00bbrgba(18,16,18,0.6)\u00bb background_image=\u00bbhttps:\/\/sidal.cl\/wp-content\/uploads\/2023\/04\/nuestra-empresa.png\u00bb background_blend=\u00bboverlay\u00bb min_height=\u00bb384px\u00bb custom_padding=\u00bb||11px|||\u00bb module_alignment_tablet=\u00bb\u00bb module_alignment_phone=\u00bb\u00bb module_alignment_last_edited=\u00bbon|tablet\u00bb da_disable_devices=\u00bboff|off|off\u00bb global_colors_info=\u00bb{}\u00bb da_is_popup=\u00bboff\u00bb da_exit_intent=\u00bboff\u00bb da_has_close=\u00bbon\u00bb da_alt_close=\u00bboff\u00bb da_dark_close=\u00bboff\u00bb da_not_modal=\u00bbon\u00bb da_is_singular=\u00bboff\u00bb da_with_loader=\u00bboff\u00bb da_has_shadow=\u00bbon\u00bb][et_pb_row _builder_version=\u00bb4.20.0&#8243; _module_preset=\u00bbdefault\u00bb custom_padding=\u00bb||33px|||\u00bb global_colors_info=\u00bb{}\u00bb][et_pb_column type=\u00bb4_4&#8243; _builder_version=\u00bb4.20.0&#8243; _module_preset=\u00bbdefault\u00bb global_colors_info=\u00bb{}\u00bb][et_pb_text _builder_version=\u00bb4.24.1&#8243; _module_preset=\u00bbe353a8a2-2be8-4490-a33f-6e9613755309&#8243; header_font=\u00bbArchivo Black||||||||\u00bb global_colors_info=\u00bb{}\u00bb]<\/p>\n<h1 style=\"text-align: center;\">Quality politics<\/h1>\n<p>[\/et_pb_text][\/et_pb_column][\/et_pb_row][\/et_pb_section][et_pb_section fb_built=\u00bb1&#8243; _builder_version=\u00bb4.20.2&#8243; _module_preset=\u00bbdefault\u00bb background_color=\u00bb#FFFFFF\u00bb custom_margin=\u00bb20px|||||\u00bb animation_style=\u00bbflip\u00bb animation_direction=\u00bbright\u00bb da_disable_devices=\u00bboff|off|off\u00bb global_colors_info=\u00bb{}\u00bb da_is_popup=\u00bboff\u00bb da_exit_intent=\u00bboff\u00bb da_has_close=\u00bbon\u00bb da_alt_close=\u00bboff\u00bb da_dark_close=\u00bboff\u00bb da_not_modal=\u00bbon\u00bb da_is_singular=\u00bboff\u00bb da_with_loader=\u00bboff\u00bb da_has_shadow=\u00bbon\u00bb][et_pb_row _builder_version=\u00bb4.20.0&#8243; _module_preset=\u00bbdefault\u00bb global_colors_info=\u00bb{}\u00bb][et_pb_column type=\u00bb4_4&#8243; _builder_version=\u00bb4.20.0&#8243; _module_preset=\u00bbdefault\u00bb global_colors_info=\u00bb{}\u00bb][et_pb_text _builder_version=\u00bb4.24.1&#8243; _module_preset=\u00bbdefault\u00bb text_font=\u00bbArchivo||||||||\u00bb text_text_color=\u00bb#121012&#8243; text_font_size=\u00bb23px\u00bb text_line_height=\u00bb1.8em\u00bb animation_style=\u00bbflip\u00bb hover_enabled=\u00bb0&#8243; global_colors_info=\u00bb{}\u00bb sticky_enabled=\u00bb0&#8243;]<\/p>\n<p style=\"text-align: center;\"><strong><span>La direcci\u00f3n de SIDAL SpA, organizaci\u00f3n dedicada a los servicios de innovaci\u00f3n, desarrollo, investigaci\u00f3n aplicada y buenas pr\u00e1cticas de laboratorio para la agricultura y la agroindustria, establece la presente Pol\u00edtica de Calidad como marco rector de su Sistema de Gesti\u00f3n de la Calidad, basado en la norma ISO 9001:2015<\/span><\/strong><\/p>\n<p style=\"text-align: center;\"><strong><\/strong><\/p>\n<p style=\"text-align: center;\"><strong><span>En coherencia con su contexto organizacional, su rol t\u00e9cnico-cient\u00edfico y su entorno regulado, SIDAL se compromete a:<\/span><\/strong><\/p>\n<p style=\"text-align: center;\"><strong><\/strong><\/p>\n<p>[\/et_pb_text][\/et_pb_column][\/et_pb_row][\/et_pb_section][et_pb_section fb_built=\u00bb1&#8243; _builder_version=\u00bb4.20.2&#8243; _module_preset=\u00bbdefault\u00bb background_color=\u00bb#FFFFFF\u00bb min_height=\u00bb236.6px\u00bb custom_margin=\u00bb-59px|||||\u00bb custom_padding=\u00bb5px|||||\u00bb animation_style=\u00bbflip\u00bb animation_direction=\u00bbleft\u00bb da_disable_devices=\u00bboff|off|off\u00bb global_colors_info=\u00bb{}\u00bb da_is_popup=\u00bboff\u00bb da_exit_intent=\u00bboff\u00bb da_has_close=\u00bbon\u00bb da_alt_close=\u00bboff\u00bb da_dark_close=\u00bboff\u00bb da_not_modal=\u00bbon\u00bb da_is_singular=\u00bboff\u00bb da_with_loader=\u00bboff\u00bb da_has_shadow=\u00bbon\u00bb][et_pb_row _builder_version=\u00bb4.24.1&#8243; _module_preset=\u00bbdefault\u00bb hover_enabled=\u00bb0&#8243; global_colors_info=\u00bb{}\u00bb sticky_enabled=\u00bb0&#8243;][et_pb_column type=\u00bb4_4&#8243; _builder_version=\u00bb4.24.1&#8243; _module_preset=\u00bbdefault\u00bb hover_enabled=\u00bb0&#8243; global_colors_info=\u00bb{}\u00bb sticky_enabled=\u00bb0&#8243;][et_pb_text _builder_version=\u00bb4.24.1&#8243; _module_preset=\u00bbdefault\u00bb text_font=\u00bbArchivo||||||||\u00bb text_text_color=\u00bb#121012&#8243; text_font_size=\u00bb23px\u00bb text_line_height=\u00bb1.8em\u00bb animation_style=\u00bbflip\u00bb hover_enabled=\u00bb0&#8243; global_colors_info=\u00bb{}\u00bb sticky_enabled=\u00bb0&#8243;]<\/p>\n<ul>\n<li>Asegurar la calidad, confiabilidad e integridad t\u00e9cnica de los servicios de investigaci\u00f3n, ensayos de laboratorio, estudios de plaguicidas y actividades de I+D que ejecuta, cumpliendo los requisitos acordados con los clientes, as\u00ed como los requisitos legales, reglamentarios y normativos aplicables a su actividad.<\/li>\n<li>\u00a0Mantener, aplicar y mejorar continuamente el Sistema de Gesti\u00f3n de la Calidad, mediante un enfoque basado en procesos, pensamiento basado en riesgos y oportunidades, y la evaluaci\u00f3n permanente del desempe\u00f1o, con el fin de asegurar resultados v\u00e1lidos, oportunos y t\u00e9cnicamente sustentables.<\/li>\n<li>Proporcionar los recursos humanos, t\u00e9cnicos, tecnol\u00f3gicos y financieros necesarios para el cumplimiento de esta pol\u00edtica, el logro de los objetivos de calidad, la competencia del personal y la adecuada operaci\u00f3n de los procesos del sistema.<\/li>\n<li>Desarrollar y mantener la competencia del personal, promoviendo la capacitaci\u00f3n continua, la preservaci\u00f3n del conocimiento organizacional y una cultura de calidad, \u00e9tica profesional y responsabilidad cient\u00edfica.<\/li>\n<li>Considerar las necesidades y expectativas de las partes interesadas pertinentes, incluyendo clientes, personal, organismos reguladores, financiadores de proyectos de I+D, proveedores y la comunidad, integr\u00e1ndolas en la planificaci\u00f3n, control y mejora del Sistema de Gesti\u00f3n de la Calidad<\/li>\n<\/ul>\n<p><span style=\"color: #000000;\"><\/span><\/p>\n<p><span style=\"color: #000000;\"><\/span><\/p>\n<p><span>La Direcci\u00f3n asegura que esta Pol\u00edtica de Calidad es comunicada, entendida y aplicada en todos los niveles de la organizaci\u00f3n, se encuentra disponible para las partes interesadas pertinentes, y es revisada peri\u00f3dicamente para garantizar su continua adecuaci\u00f3n a los objetivos estrat\u00e9gicos y al contexto de SIDAL<\/span><\/p>\n<p>[\/et_pb_text][\/et_pb_column][\/et_pb_row][et_pb_row _builder_version=\u00bb4.24.1&#8243; _module_preset=\u00bbdefault\u00bb global_colors_info=\u00bb{}\u00bb][et_pb_column type=\u00bb4_4&#8243; _builder_version=\u00bb4.24.1&#8243; _module_preset=\u00bbdefault\u00bb global_colors_info=\u00bb{}\u00bb][et_pb_text _builder_version=\u00bb4.24.1&#8243; _module_preset=\u00bbdefault\u00bb custom_padding=\u00bb||0px|||\u00bb hover_enabled=\u00bb0&#8243; global_colors_info=\u00bb{}\u00bb sticky_enabled=\u00bb0&#8243;]<\/p>\n<p style=\"text-align: right;\"><strong><span style=\"color: #000000;\"><em>REVISI\u00d3N 05<\/em><\/span><\/strong><\/p>\n<p style=\"text-align: right;\"><strong><span style=\"color: #000000;\"><em>Fecha Emisi\u00f3n: 14 Enero 2026<\/em><\/span><\/strong><\/p>\n<p>[\/et_pb_text][\/et_pb_column][\/et_pb_row][\/et_pb_section]<\/p>","protected":false},"excerpt":{"rendered":"<p>Politica de CalidadLa direcci\u00f3n de SIDAL SpA, organizaci\u00f3n dedicada a los servicios de innovaci\u00f3n, desarrollo, investigaci\u00f3n aplicada y buenas pr\u00e1cticas de laboratorio para la agricultura y la agroindustria, establece la presente Pol\u00edtica de Calidad como marco rector de su Sistema de Gesti\u00f3n de la Calidad, basado en la norma ISO 9001:2015 En coherencia con su [&hellip;]<\/p>","protected":false},"author":1,"featured_media":0,"parent":0,"menu_order":0,"comment_status":"closed","ping_status":"closed","template":"","meta":{"_et_pb_use_builder":"on","_et_pb_old_content":"","_et_gb_content_width":"","footnotes":""},"class_list":["post-1220","page","type-page","status-publish","hentry"],"_links":{"self":[{"href":"https:\/\/sidal.cl\/en\/wp-json\/wp\/v2\/pages\/1220","targetHints":{"allow":["GET"]}}],"collection":[{"href":"https:\/\/sidal.cl\/en\/wp-json\/wp\/v2\/pages"}],"about":[{"href":"https:\/\/sidal.cl\/en\/wp-json\/wp\/v2\/types\/page"}],"author":[{"embeddable":true,"href":"https:\/\/sidal.cl\/en\/wp-json\/wp\/v2\/users\/1"}],"replies":[{"embeddable":true,"href":"https:\/\/sidal.cl\/en\/wp-json\/wp\/v2\/comments?post=1220"}],"version-history":[{"count":11,"href":"https:\/\/sidal.cl\/en\/wp-json\/wp\/v2\/pages\/1220\/revisions"}],"predecessor-version":[{"id":1264,"href":"https:\/\/sidal.cl\/en\/wp-json\/wp\/v2\/pages\/1220\/revisions\/1264"}],"wp:attachment":[{"href":"https:\/\/sidal.cl\/en\/wp-json\/wp\/v2\/media?parent=1220"}],"curies":[{"name":"wp","href":"https:\/\/api.w.org\/{rel}","templated":true}]}}